{"id":4078,"date":"2021-09-23T19:55:00","date_gmt":"2021-09-23T17:55:00","guid":{"rendered":"https:\/\/www.viktorkhrapunov.com\/?page_id=4078"},"modified":"2021-10-05T16:46:53","modified_gmt":"2021-10-05T14:46:53","slug":"le-livre","status":"publish","type":"page","link":"https:\/\/www.viktorkhrapunov.com\/fr\/le-livre\/","title":{"rendered":"Le livre"},"content":{"rendered":"\t\t<div data-elementor-type=\"wp-page\" data-elementor-id=\"4078\" class=\"elementor elementor-4078 elementor-4059\">\n\t\t\t\t\t\t\t\t\t<section class=\"elementor-section elementor-top-section elementor-element elementor-element-6fba3bf elementor-section-boxed elementor-section-height-default elementor-section-height-default\" data-id=\"6fba3bf\" data-element_type=\"section\">\n\t\t\t\t\t\t<div class=\"elementor-container elementor-column-gap-default\">\n\t\t\t\t\t<div class=\"elementor-column elementor-col-100 elementor-top-column elementor-element elementor-element-ea0745d\" data-id=\"ea0745d\" data-element_type=\"column\">\n\t\t\t<div class=\"elementor-widget-wrap elementor-element-populated\">\n\t\t\t\t\t\t\t\t<div class=\"elementor-element elementor-element-77d531e elementor-widget elementor-widget-heading\" data-id=\"77d531e\" data-element_type=\"widget\" data-widget_type=\"heading.default\">\n\t\t\t\t<div class=\"elementor-widget-container\">\n\t\t\t<style>\/*! elementor - v3.8.0 - 30-10-2022 *\/\n.elementor-heading-title{padding:0;margin:0;line-height:1}.elementor-widget-heading .elementor-heading-title[class*=elementor-size-]>a{color:inherit;font-size:inherit;line-height:inherit}.elementor-widget-heading .elementor-heading-title.elementor-size-small{font-size:15px}.elementor-widget-heading .elementor-heading-title.elementor-size-medium{font-size:19px}.elementor-widget-heading .elementor-heading-title.elementor-size-large{font-size:29px}.elementor-widget-heading .elementor-heading-title.elementor-size-xl{font-size:39px}.elementor-widget-heading .elementor-heading-title.elementor-size-xxl{font-size:59px}<\/style><h3 class=\"elementor-heading-title elementor-size-default\">Les livres du dissident et homme politique kazakhstanais Viktor Khrapunov<\/h3>\t\t<\/div>\n\t\t\t\t<\/div>\n\t\t\t\t<div class=\"elementor-element elementor-element-70d6c7d elementor-widget-divider--view-line elementor-widget elementor-widget-divider\" data-id=\"70d6c7d\" data-element_type=\"widget\" data-widget_type=\"divider.default\">\n\t\t\t\t<div class=\"elementor-widget-container\">\n\t\t\t<style>\/*! elementor - v3.8.0 - 30-10-2022 *\/\n.elementor-widget-divider{--divider-border-style:none;--divider-border-width:1px;--divider-color:#2c2c2c;--divider-icon-size:20px;--divider-element-spacing:10px;--divider-pattern-height:24px;--divider-pattern-size:20px;--divider-pattern-url:none;--divider-pattern-repeat:repeat-x}.elementor-widget-divider .elementor-divider{display:-webkit-box;display:-ms-flexbox;display:flex}.elementor-widget-divider .elementor-divider__text{font-size:15px;line-height:1;max-width:95%}.elementor-widget-divider .elementor-divider__element{margin:0 var(--divider-element-spacing);-ms-flex-negative:0;flex-shrink:0}.elementor-widget-divider .elementor-icon{font-size:var(--divider-icon-size)}.elementor-widget-divider .elementor-divider-separator{display:-webkit-box;display:-ms-flexbox;display:flex;margin:0;direction:ltr}.elementor-widget-divider--view-line_icon .elementor-divider-separator,.elementor-widget-divider--view-line_text .elementor-divider-separator{-webkit-box-align:center;-ms-flex-align:center;align-items:center}.elementor-widget-divider--view-line_icon .elementor-divider-separator:after,.elementor-widget-divider--view-line_icon .elementor-divider-separator:before,.elementor-widget-divider--view-line_text .elementor-divider-separator:after,.elementor-widget-divider--view-line_text .elementor-divider-separator:before{display:block;content:\"\";border-bottom:0;-webkit-box-flex:1;-ms-flex-positive:1;flex-grow:1;border-top:var(--divider-border-width) var(--divider-border-style) var(--divider-color)}.elementor-widget-divider--element-align-left .elementor-divider .elementor-divider-separator>.elementor-divider__svg:first-of-type{-webkit-box-flex:0;-ms-flex-positive:0;flex-grow:0;-ms-flex-negative:100;flex-shrink:100}.elementor-widget-divider--element-align-left .elementor-divider-separator:before{content:none}.elementor-widget-divider--element-align-left .elementor-divider__element{margin-left:0}.elementor-widget-divider--element-align-right .elementor-divider .elementor-divider-separator>.elementor-divider__svg:last-of-type{-webkit-box-flex:0;-ms-flex-positive:0;flex-grow:0;-ms-flex-negative:100;flex-shrink:100}.elementor-widget-divider--element-align-right .elementor-divider-separator:after{content:none}.elementor-widget-divider--element-align-right .elementor-divider__element{margin-right:0}.elementor-widget-divider:not(.elementor-widget-divider--view-line_text):not(.elementor-widget-divider--view-line_icon) .elementor-divider-separator{border-top:var(--divider-border-width) var(--divider-border-style) var(--divider-color)}.elementor-widget-divider--separator-type-pattern{--divider-border-style:none}.elementor-widget-divider--separator-type-pattern.elementor-widget-divider--view-line .elementor-divider-separator,.elementor-widget-divider--separator-type-pattern:not(.elementor-widget-divider--view-line) .elementor-divider-separator:after,.elementor-widget-divider--separator-type-pattern:not(.elementor-widget-divider--view-line) .elementor-divider-separator:before,.elementor-widget-divider--separator-type-pattern:not([class*=elementor-widget-divider--view]) .elementor-divider-separator{width:100%;min-height:var(--divider-pattern-height);-webkit-mask-size:var(--divider-pattern-size) 100%;mask-size:var(--divider-pattern-size) 100%;-webkit-mask-repeat:var(--divider-pattern-repeat);mask-repeat:var(--divider-pattern-repeat);background-color:var(--divider-color);-webkit-mask-image:var(--divider-pattern-url);mask-image:var(--divider-pattern-url)}.elementor-widget-divider--no-spacing{--divider-pattern-size:auto}.elementor-widget-divider--bg-round{--divider-pattern-repeat:round}.rtl .elementor-widget-divider .elementor-divider__text{direction:rtl}.e-con-inner>.elementor-widget-divider,.e-con>.elementor-widget-divider{width:var(--container-widget-width,100%)}<\/style>\t\t<div class=\"elementor-divider\">\n\t\t\t<span class=\"elementor-divider-separator\">\n\t\t\t\t\t\t<\/span>\n\t\t<\/div>\n\t\t\t\t<\/div>\n\t\t\t\t<\/div>\n\t\t\t\t\t<\/div>\n\t\t<\/div>\n\t\t\t\t\t\t\t<\/div>\n\t\t<\/section>\n\t\t\t\t<section class=\"elementor-section elementor-top-section elementor-element elementor-element-c9c574d elementor-section-boxed elementor-section-height-default elementor-section-height-default\" data-id=\"c9c574d\" data-element_type=\"section\">\n\t\t\t\t\t\t<div class=\"elementor-container elementor-column-gap-default\">\n\t\t\t\t\t<div class=\"elementor-column elementor-col-50 elementor-top-column elementor-element elementor-element-ae51296\" data-id=\"ae51296\" data-element_type=\"column\">\n\t\t\t<div class=\"elementor-widget-wrap elementor-element-populated\">\n\t\t\t\t\t\t\t\t<div class=\"elementor-element elementor-element-565fae6 elementor-widget elementor-widget-image\" data-id=\"565fae6\" data-element_type=\"widget\" data-widget_type=\"image.default\">\n\t\t\t\t<div class=\"elementor-widget-container\">\n\t\t\t<style>\/*! elementor - v3.8.0 - 30-10-2022 *\/\n.elementor-widget-image{text-align:center}.elementor-widget-image a{display:inline-block}.elementor-widget-image a img[src$=\".svg\"]{width:48px}.elementor-widget-image img{vertical-align:middle;display:inline-block}<\/style>\t\t\t\t\t\t\t\t\t\t\t\t\t<a href=\"https:\/\/www.viktorkhrapunov.com\/wp-content\/uploads\/2021\/09\/viktor-hrapunov-kniga.jpg\" data-elementor-open-lightbox=\"yes\" data-elementor-lightbox-title=\"Les livres du dissident et homme politique kazakhstanais Viktor Khrapunov\" e-action-hash=\"#elementor-action%3Aaction%3Dlightbox%26settings%3DeyJpZCI6NDA2MiwidXJsIjoiaHR0cHM6XC9cL3d3dy52aWt0b3JraHJhcHVub3YuY29tXC93cC1jb250ZW50XC91cGxvYWRzXC8yMDIxXC8wOVwvdmlrdG9yLWhyYXB1bm92LWtuaWdhLmpwZyJ9\">\n\t\t\t\t\t\t\t<img width=\"842\" height=\"1024\" src=\"https:\/\/www.viktorkhrapunov.com\/wp-content\/uploads\/2021\/09\/viktor-hrapunov-kniga-842x1024.jpg\" class=\"attachment-large size-large\" alt=\"Les livres du dissident et homme politique kazakhstanais Viktor Khrapunov\" loading=\"lazy\" srcset=\"https:\/\/www.viktorkhrapunov.com\/wp-content\/uploads\/2021\/09\/viktor-hrapunov-kniga-842x1024.jpg 842w, https:\/\/www.viktorkhrapunov.com\/wp-content\/uploads\/2021\/09\/viktor-hrapunov-kniga-247x300.jpg 247w, https:\/\/www.viktorkhrapunov.com\/wp-content\/uploads\/2021\/09\/viktor-hrapunov-kniga-768x934.jpg 768w, https:\/\/www.viktorkhrapunov.com\/wp-content\/uploads\/2021\/09\/viktor-hrapunov-kniga-120x146.jpg 120w, https:\/\/www.viktorkhrapunov.com\/wp-content\/uploads\/2021\/09\/viktor-hrapunov-kniga-41x50.jpg 41w, https:\/\/www.viktorkhrapunov.com\/wp-content\/uploads\/2021\/09\/viktor-hrapunov-kniga-62x75.jpg 62w, https:\/\/www.viktorkhrapunov.com\/wp-content\/uploads\/2021\/09\/viktor-hrapunov-kniga.jpg 900w\" sizes=\"(max-width: 842px) 100vw, 842px\" title=\"Le livre\" \/>\t\t\t\t\t\t\t\t<\/a>\n\t\t\t\t\t\t\t\t\t\t\t\t\t\t\t<\/div>\n\t\t\t\t<\/div>\n\t\t\t\t\t<\/div>\n\t\t<\/div>\n\t\t\t\t<div class=\"elementor-column elementor-col-50 elementor-top-column elementor-element elementor-element-4634626\" data-id=\"4634626\" data-element_type=\"column\">\n\t\t\t<div class=\"elementor-widget-wrap elementor-element-populated\">\n\t\t\t\t\t\t\t\t<div class=\"elementor-element elementor-element-25caedb elementor-widget elementor-widget-text-editor\" data-id=\"25caedb\" data-element_type=\"widget\" data-widget_type=\"text-editor.default\">\n\t\t\t\t<div class=\"elementor-widget-container\">\n\t\t\t<style>\/*! elementor - v3.8.0 - 30-10-2022 *\/\n.elementor-widget-text-editor.elementor-drop-cap-view-stacked .elementor-drop-cap{background-color:#818a91;color:#fff}.elementor-widget-text-editor.elementor-drop-cap-view-framed .elementor-drop-cap{color:#818a91;border:3px solid;background-color:transparent}.elementor-widget-text-editor:not(.elementor-drop-cap-view-default) .elementor-drop-cap{margin-top:8px}.elementor-widget-text-editor:not(.elementor-drop-cap-view-default) .elementor-drop-cap-letter{width:1em;height:1em}.elementor-widget-text-editor .elementor-drop-cap{float:left;text-align:center;line-height:1;font-size:50px}.elementor-widget-text-editor .elementor-drop-cap-letter{display:inline-block}<\/style>\t\t\t\t<p>En novembre 2013 est sorti en France le livre de Viktor Khrapunov\u00a0<em>Nazarbaev, votre ami le dictateur<\/em>, r\u00e9v\u00e9lant le r\u00f4le central de la corruption dans le r\u00e9gime du pr\u00e9sident Nazarbaev.<\/p><p>Le livre a ensuite \u00e9t\u00e9 traduit en anglais, en allemand et en russe. En russe, il est intitul\u00e9\u00a0<em>Ia obviniaiou ! O diktatoure Noursoultana Nazarbaeva<\/em>\u00a0(\u00ab J\u2019accuse ! De la dictature de Noursoultan Nazarbaev \u00bb).<\/p><p>En janvier-f\u00e9vrier 2015, ce livre est paru en allemand (<em>Nasarbajew \u2014 Unser Freund, Der Diktator<\/em>) et en anglais (<em>Nazarbayev \u2014 Our Friend the Dictator<\/em>).<\/p><p>La parution de ces livres d\u00e9non\u00e7ant ses 27 ann\u00e9es de r\u00e9gime autoritaire a mis le pr\u00e9sident Nazarbaev en col\u00e8re et a d\u00e9cupl\u00e9 sa d\u00e9termination \u00e0 r\u00e9gler son compte \u00e0 la famille Khrapunov.<\/p><p>Suite \u00e0 cela, les autorit\u00e9s du Kazakhstan ont lanc\u00e9 des enqu\u00eates p\u00e9nales contre la famille Khrapunov au Royaume-Uni, aux \u00c9tats-Unis et en Suisse.<\/p>\t\t\t\t\t\t<\/div>\n\t\t\t\t<\/div>\n\t\t\t\t<div class=\"elementor-element elementor-element-9991ee8 elementor-widget elementor-widget-button\" data-id=\"9991ee8\" data-element_type=\"widget\" data-widget_type=\"button.default\">\n\t\t\t\t<div class=\"elementor-widget-container\">\n\t\t\t\t\t<div class=\"elementor-button-wrapper\">\n\t\t\t<a href=\"https:\/\/www.viktorkhrapunov.com\/wp-content\/uploads\/2021\/09\/viktor-hrapunov-kniga.pdf\" download=\"\u042f \u043e\u0431\u0432\u0438\u043d\u044f\u044e! \u041e \u0434\u0438\u043a\u0442\u0430\u0442\u0443\u0440\u0435 \u041d\u0443\u0440\u0441\u0443\u043b\u0442\u0430\u043d\u0430 \u041d\u0430\u0437\u0430\u0440\u0431\u0430\u0435\u0432\u0430\" class=\"elementor-button-link elementor-button elementor-size-sm\" role=\"button\">\n\t\t\t\t\t\t<span class=\"elementor-button-content-wrapper\">\n\t\t\t\t\t\t<span class=\"elementor-button-text\">T\u00e9l\u00e9charger le livre, PDF (45 MB)<\/span>\n\t\t<\/span>\n\t\t\t\t\t<\/a>\n\t\t<\/div>\n\t\t\t\t<\/div>\n\t\t\t\t<\/div>\n\t\t\t\t\t<\/div>\n\t\t<\/div>\n\t\t\t\t\t\t\t<\/div>\n\t\t<\/section>\n\t\t\t\t<section class=\"elementor-section elementor-top-section elementor-element elementor-element-1961bb5 elementor-section-boxed elementor-section-height-default elementor-section-height-default\" data-id=\"1961bb5\" data-element_type=\"section\">\n\t\t\t\t\t\t<div class=\"elementor-container elementor-column-gap-default\">\n\t\t\t\t\t<div class=\"elementor-column elementor-col-100 elementor-top-column elementor-element elementor-element-b8b9226\" data-id=\"b8b9226\" data-element_type=\"column\">\n\t\t\t<div class=\"elementor-widget-wrap elementor-element-populated\">\n\t\t\t\t\t\t\t\t<div class=\"elementor-element elementor-element-bafc023 elementor-widget elementor-widget-spacer\" data-id=\"bafc023\" data-element_type=\"widget\" data-widget_type=\"spacer.default\">\n\t\t\t\t<div class=\"elementor-widget-container\">\n\t\t\t<style>\/*! elementor - v3.8.0 - 30-10-2022 *\/\n.elementor-column .elementor-spacer-inner{height:var(--spacer-size)}.e-con{--container-widget-width:100%}.e-con-inner>.elementor-widget-spacer,.e-con>.elementor-widget-spacer{width:var(--container-widget-width,var(--spacer-size));-ms-flex-item-align:stretch;align-self:stretch;-ms-flex-negative:0;flex-shrink:0}.e-con-inner>.elementor-widget-spacer>.elementor-widget-container,.e-con-inner>.elementor-widget-spacer>.elementor-widget-container>.elementor-spacer,.e-con>.elementor-widget-spacer>.elementor-widget-container,.e-con>.elementor-widget-spacer>.elementor-widget-container>.elementor-spacer{height:100%}.e-con-inner>.elementor-widget-spacer>.elementor-widget-container>.elementor-spacer>.elementor-spacer-inner,.e-con>.elementor-widget-spacer>.elementor-widget-container>.elementor-spacer>.elementor-spacer-inner{height:var(--container-widget-height,var(--spacer-size))}<\/style>\t\t<div class=\"elementor-spacer\">\n\t\t\t<div class=\"elementor-spacer-inner\"><\/div>\n\t\t<\/div>\n\t\t\t\t<\/div>\n\t\t\t\t<\/div>\n\t\t\t\t\t<\/div>\n\t\t<\/div>\n\t\t\t\t\t\t\t<\/div>\n\t\t<\/section>\n\t\t\t\t\t\t\t<\/div>\n\t\t","protected":false},"excerpt":{"rendered":"<p>Les livres du dissident et homme politique kazakhstanais Viktor Khrapunov En novembre 2013 est sorti en France le livre de Viktor Khrapunov\u00a0Nazarbaev, votre ami le dictateur, r\u00e9v\u00e9lant le<span class=\"excerpt-hellip\"> [\u2026]<\/span><\/p>\n","protected":false},"author":1,"featured_media":0,"parent":0,"menu_order":0,"comment_status":"closed","ping_status":"closed","template":"","meta":[],"_links":{"self":[{"href":"https:\/\/www.viktorkhrapunov.com\/fr\/wp-json\/wp\/v2\/pages\/4078"}],"collection":[{"href":"https:\/\/www.viktorkhrapunov.com\/fr\/wp-json\/wp\/v2\/pages"}],"about":[{"href":"https:\/\/www.viktorkhrapunov.com\/fr\/wp-json\/wp\/v2\/types\/page"}],"author":[{"embeddable":true,"href":"https:\/\/www.viktorkhrapunov.com\/fr\/wp-json\/wp\/v2\/users\/1"}],"replies":[{"embeddable":true,"href":"https:\/\/www.viktorkhrapunov.com\/fr\/wp-json\/wp\/v2\/comments?post=4078"}],"version-history":[{"count":14,"href":"https:\/\/www.viktorkhrapunov.com\/fr\/wp-json\/wp\/v2\/pages\/4078\/revisions"}],"predecessor-version":[{"id":6464,"href":"https:\/\/www.viktorkhrapunov.com\/fr\/wp-json\/wp\/v2\/pages\/4078\/revisions\/6464"}],"wp:attachment":[{"href":"https:\/\/www.viktorkhrapunov.com\/fr\/wp-json\/wp\/v2\/media?parent=4078"}],"curies":[{"name":"wp","href":"https:\/\/api.w.org\/{rel}","templated":true}]}}