{"id":3364,"date":"2021-09-05T19:23:10","date_gmt":"2021-09-05T17:23:10","guid":{"rendered":"https:\/\/www.viktorkhrapunov.com\/?page_id=3364"},"modified":"2021-09-05T20:10:14","modified_gmt":"2021-09-05T18:10:14","slug":"aktivitaeten","status":"publish","type":"page","link":"https:\/\/www.viktorkhrapunov.com\/de\/aktivitaeten\/","title":{"rendered":"Aktivit\u00e4ten"},"content":{"rendered":"\t\t<div data-elementor-type=\"wp-page\" data-elementor-id=\"3364\" class=\"elementor elementor-3364 elementor-3312\">\n\t\t\t\t\t\t\t\t\t<section class=\"elementor-section elementor-top-section elementor-element elementor-element-7086e35 elementor-section-boxed elementor-section-height-default elementor-section-height-default\" data-id=\"7086e35\" data-element_type=\"section\">\n\t\t\t\t\t\t<div class=\"elementor-container elementor-column-gap-default\">\n\t\t\t\t\t<div class=\"elementor-column elementor-col-100 elementor-top-column elementor-element elementor-element-3837a88\" data-id=\"3837a88\" data-element_type=\"column\">\n\t\t\t<div class=\"elementor-widget-wrap elementor-element-populated\">\n\t\t\t\t\t\t\t\t<div class=\"elementor-element elementor-element-66abd45 elementor-widget elementor-widget-heading\" data-id=\"66abd45\" data-element_type=\"widget\" data-widget_type=\"heading.default\">\n\t\t\t\t<div class=\"elementor-widget-container\">\n\t\t\t<style>\/*! elementor - v3.8.0 - 30-10-2022 *\/\n.elementor-heading-title{padding:0;margin:0;line-height:1}.elementor-widget-heading .elementor-heading-title[class*=elementor-size-]>a{color:inherit;font-size:inherit;line-height:inherit}.elementor-widget-heading .elementor-heading-title.elementor-size-small{font-size:15px}.elementor-widget-heading .elementor-heading-title.elementor-size-medium{font-size:19px}.elementor-widget-heading .elementor-heading-title.elementor-size-large{font-size:29px}.elementor-widget-heading .elementor-heading-title.elementor-size-xl{font-size:39px}.elementor-widget-heading .elementor-heading-title.elementor-size-xxl{font-size:59px}<\/style><h3 class=\"elementor-heading-title elementor-size-default\">Viktor Khrapunov ist Doktor der Wirtschaftswissenschaften, Politologe, Elektroingenieur und Ehrenb\u00fcrger der Stadt Almaty sowie der Provinz Ostkasachstan<\/h3>\t\t<\/div>\n\t\t\t\t<\/div>\n\t\t\t\t<div class=\"elementor-element elementor-element-b07355d elementor-widget-divider--view-line elementor-widget elementor-widget-divider\" data-id=\"b07355d\" data-element_type=\"widget\" data-widget_type=\"divider.default\">\n\t\t\t\t<div class=\"elementor-widget-container\">\n\t\t\t<style>\/*! elementor - v3.8.0 - 30-10-2022 *\/\n.elementor-widget-divider{--divider-border-style:none;--divider-border-width:1px;--divider-color:#2c2c2c;--divider-icon-size:20px;--divider-element-spacing:10px;--divider-pattern-height:24px;--divider-pattern-size:20px;--divider-pattern-url:none;--divider-pattern-repeat:repeat-x}.elementor-widget-divider .elementor-divider{display:-webkit-box;display:-ms-flexbox;display:flex}.elementor-widget-divider .elementor-divider__text{font-size:15px;line-height:1;max-width:95%}.elementor-widget-divider .elementor-divider__element{margin:0 var(--divider-element-spacing);-ms-flex-negative:0;flex-shrink:0}.elementor-widget-divider .elementor-icon{font-size:var(--divider-icon-size)}.elementor-widget-divider .elementor-divider-separator{display:-webkit-box;display:-ms-flexbox;display:flex;margin:0;direction:ltr}.elementor-widget-divider--view-line_icon .elementor-divider-separator,.elementor-widget-divider--view-line_text .elementor-divider-separator{-webkit-box-align:center;-ms-flex-align:center;align-items:center}.elementor-widget-divider--view-line_icon .elementor-divider-separator:after,.elementor-widget-divider--view-line_icon .elementor-divider-separator:before,.elementor-widget-divider--view-line_text .elementor-divider-separator:after,.elementor-widget-divider--view-line_text .elementor-divider-separator:before{display:block;content:\"\";border-bottom:0;-webkit-box-flex:1;-ms-flex-positive:1;flex-grow:1;border-top:var(--divider-border-width) var(--divider-border-style) var(--divider-color)}.elementor-widget-divider--element-align-left .elementor-divider .elementor-divider-separator>.elementor-divider__svg:first-of-type{-webkit-box-flex:0;-ms-flex-positive:0;flex-grow:0;-ms-flex-negative:100;flex-shrink:100}.elementor-widget-divider--element-align-left .elementor-divider-separator:before{content:none}.elementor-widget-divider--element-align-left .elementor-divider__element{margin-left:0}.elementor-widget-divider--element-align-right .elementor-divider .elementor-divider-separator>.elementor-divider__svg:last-of-type{-webkit-box-flex:0;-ms-flex-positive:0;flex-grow:0;-ms-flex-negative:100;flex-shrink:100}.elementor-widget-divider--element-align-right .elementor-divider-separator:after{content:none}.elementor-widget-divider--element-align-right .elementor-divider__element{margin-right:0}.elementor-widget-divider:not(.elementor-widget-divider--view-line_text):not(.elementor-widget-divider--view-line_icon) .elementor-divider-separator{border-top:var(--divider-border-width) var(--divider-border-style) var(--divider-color)}.elementor-widget-divider--separator-type-pattern{--divider-border-style:none}.elementor-widget-divider--separator-type-pattern.elementor-widget-divider--view-line .elementor-divider-separator,.elementor-widget-divider--separator-type-pattern:not(.elementor-widget-divider--view-line) .elementor-divider-separator:after,.elementor-widget-divider--separator-type-pattern:not(.elementor-widget-divider--view-line) .elementor-divider-separator:before,.elementor-widget-divider--separator-type-pattern:not([class*=elementor-widget-divider--view]) .elementor-divider-separator{width:100%;min-height:var(--divider-pattern-height);-webkit-mask-size:var(--divider-pattern-size) 100%;mask-size:var(--divider-pattern-size) 100%;-webkit-mask-repeat:var(--divider-pattern-repeat);mask-repeat:var(--divider-pattern-repeat);background-color:var(--divider-color);-webkit-mask-image:var(--divider-pattern-url);mask-image:var(--divider-pattern-url)}.elementor-widget-divider--no-spacing{--divider-pattern-size:auto}.elementor-widget-divider--bg-round{--divider-pattern-repeat:round}.rtl .elementor-widget-divider .elementor-divider__text{direction:rtl}.e-con-inner>.elementor-widget-divider,.e-con>.elementor-widget-divider{width:var(--container-widget-width,100%)}<\/style>\t\t<div class=\"elementor-divider\">\n\t\t\t<span class=\"elementor-divider-separator\">\n\t\t\t\t\t\t<\/span>\n\t\t<\/div>\n\t\t\t\t<\/div>\n\t\t\t\t<\/div>\n\t\t\t\t\t<\/div>\n\t\t<\/div>\n\t\t\t\t\t\t\t<\/div>\n\t\t<\/section>\n\t\t\t\t<section class=\"elementor-section elementor-top-section elementor-element elementor-element-1dd24d9 elementor-section-boxed elementor-section-height-default elementor-section-height-default\" data-id=\"1dd24d9\" data-element_type=\"section\">\n\t\t\t\t\t\t<div class=\"elementor-container elementor-column-gap-default\">\n\t\t\t\t\t<div class=\"elementor-column elementor-col-100 elementor-top-column elementor-element elementor-element-3c7c012\" data-id=\"3c7c012\" data-element_type=\"column\">\n\t\t\t<div class=\"elementor-widget-wrap elementor-element-populated\">\n\t\t\t\t\t\t\t\t<div class=\"elementor-element elementor-element-be6ba72 elementor-widget elementor-widget-image\" data-id=\"be6ba72\" data-element_type=\"widget\" data-widget_type=\"image.default\">\n\t\t\t\t<div class=\"elementor-widget-container\">\n\t\t\t<style>\/*! elementor - v3.8.0 - 30-10-2022 *\/\n.elementor-widget-image{text-align:center}.elementor-widget-image a{display:inline-block}.elementor-widget-image a img[src$=\".svg\"]{width:48px}.elementor-widget-image img{vertical-align:middle;display:inline-block}<\/style>\t\t\t\t\t\t\t\t\t\t\t\t<img width=\"410\" height=\"282\" src=\"https:\/\/www.viktorkhrapunov.com\/wp-content\/uploads\/2021\/07\/viktor_khrapunov.jpg\" class=\"attachment-full size-full\" alt=\"Viktor Khrapunov\" loading=\"lazy\" srcset=\"https:\/\/www.viktorkhrapunov.com\/wp-content\/uploads\/2021\/07\/viktor_khrapunov.jpg 410w, https:\/\/www.viktorkhrapunov.com\/wp-content\/uploads\/2021\/07\/viktor_khrapunov-300x206.jpg 300w, https:\/\/www.viktorkhrapunov.com\/wp-content\/uploads\/2021\/07\/viktor_khrapunov-212x146.jpg 212w, https:\/\/www.viktorkhrapunov.com\/wp-content\/uploads\/2021\/07\/viktor_khrapunov-50x34.jpg 50w, https:\/\/www.viktorkhrapunov.com\/wp-content\/uploads\/2021\/07\/viktor_khrapunov-109x75.jpg 109w\" sizes=\"(max-width: 410px) 100vw, 410px\" title=\"Aktivit\u00e4ten\" \/>\t\t\t\t\t\t\t\t\t\t\t\t\t\t\t<\/div>\n\t\t\t\t<\/div>\n\t\t\t\t<div class=\"elementor-element elementor-element-c29cafc elementor-widget elementor-widget-text-editor\" data-id=\"c29cafc\" data-element_type=\"widget\" data-widget_type=\"text-editor.default\">\n\t\t\t\t<div class=\"elementor-widget-container\">\n\t\t\t<style>\/*! elementor - v3.8.0 - 30-10-2022 *\/\n.elementor-widget-text-editor.elementor-drop-cap-view-stacked .elementor-drop-cap{background-color:#818a91;color:#fff}.elementor-widget-text-editor.elementor-drop-cap-view-framed .elementor-drop-cap{color:#818a91;border:3px solid;background-color:transparent}.elementor-widget-text-editor:not(.elementor-drop-cap-view-default) .elementor-drop-cap{margin-top:8px}.elementor-widget-text-editor:not(.elementor-drop-cap-view-default) .elementor-drop-cap-letter{width:1em;height:1em}.elementor-widget-text-editor .elementor-drop-cap{float:left;text-align:center;line-height:1;font-size:50px}.elementor-widget-text-editor .elementor-drop-cap-letter{display:inline-block}<\/style>\t\t\t\t<p>Durch sein Engagement trug er aktiv zum Wiederaufbau seines Landes bei. Mit seinem beispielhaften beruflichen Aufstieg in einem W\u00e4rmekraftwerk, wo er unter dem sowjetischen Regime 15 Jahre lang t\u00e4tig war, erlangte er sowohl den Respekt seiner Kollegen als auch denjenigen der Partei, die ihn mit verschiedenen politischen \u00c4mtern betraute. Sein politisches Engagement wurde mit der Unabh\u00e4ngigkeitserkl\u00e4rung der Republik Kasachstan im Jahr 1991 noch gr\u00f6sser und er wurde zur vorantreibenden Kraft wichtiger Reformen. Nacheinander \u00fcbernimmt er Schl\u00fcsselfunktionen als erster Stellvertreter des B\u00fcrgermeisters von Almaty, als <a href=\"https:\/\/www.viktorkhrapunov.com\/de\/aktivitaeten\/energieminister\/\">kasachischer Energieminister<\/a>, als <a href=\"https:\/\/www.viktorkhrapunov.com\/de\/aktivitaeten\/buergermeister-von-almaty\/\">B\u00fcrgermeister von Almaty<\/a> (der politischen, wirtschaftlichen und kulturellen Hauptstadt des Landes). Die Pr\u00e4sidentenpartei \u201eNur Otan\u201c beauftragt ihn danach noch mit einem <a href=\"https:\/\/www.viktorkhrapunov.com\/de\/aktivitaeten\/provinz-ost-kasachstan\/\">Gouverneurs<\/a>&#8211; und einem <a href=\"https:\/\/www.viktorkhrapunov.com\/de\/aktivitaeten\/ministeriums-fuer-krisen-und-katastrophenhilfe\/\">Ministerposten<\/a> ausserhalb von Almaty. Aus gesundheitlichen Gr\u00fcnden beendet Viktor Khrapunov seine politische Karriere im Jahr 2007. Er wohnt heute in der Schweiz, von wo aus er sein Engagement f\u00fcr sein Land weiterf\u00fchrt und sich f\u00fcr Dialog und Demokratie einsetzt.<\/p>\t\t\t\t\t\t<\/div>\n\t\t\t\t<\/div>\n\t\t\t\t\t<\/div>\n\t\t<\/div>\n\t\t\t\t\t\t\t<\/div>\n\t\t<\/section>\n\t\t\t\t<section class=\"elementor-section elementor-top-section elementor-element elementor-element-d0210f0 elementor-section-boxed elementor-section-height-default elementor-section-height-default\" data-id=\"d0210f0\" data-element_type=\"section\">\n\t\t\t\t\t\t<div class=\"elementor-container elementor-column-gap-default\">\n\t\t\t\t\t<div class=\"elementor-column elementor-col-100 elementor-top-column elementor-element elementor-element-9c1f96b\" data-id=\"9c1f96b\" data-element_type=\"column\">\n\t\t\t<div class=\"elementor-widget-wrap elementor-element-populated\">\n\t\t\t\t\t\t\t\t<div class=\"elementor-element elementor-element-7a2d046 elementor-widget elementor-widget-spacer\" data-id=\"7a2d046\" data-element_type=\"widget\" data-widget_type=\"spacer.default\">\n\t\t\t\t<div class=\"elementor-widget-container\">\n\t\t\t<style>\/*! elementor - v3.8.0 - 30-10-2022 *\/\n.elementor-column .elementor-spacer-inner{height:var(--spacer-size)}.e-con{--container-widget-width:100%}.e-con-inner>.elementor-widget-spacer,.e-con>.elementor-widget-spacer{width:var(--container-widget-width,var(--spacer-size));-ms-flex-item-align:stretch;align-self:stretch;-ms-flex-negative:0;flex-shrink:0}.e-con-inner>.elementor-widget-spacer>.elementor-widget-container,.e-con-inner>.elementor-widget-spacer>.elementor-widget-container>.elementor-spacer,.e-con>.elementor-widget-spacer>.elementor-widget-container,.e-con>.elementor-widget-spacer>.elementor-widget-container>.elementor-spacer{height:100%}.e-con-inner>.elementor-widget-spacer>.elementor-widget-container>.elementor-spacer>.elementor-spacer-inner,.e-con>.elementor-widget-spacer>.elementor-widget-container>.elementor-spacer>.elementor-spacer-inner{height:var(--container-widget-height,var(--spacer-size))}<\/style>\t\t<div class=\"elementor-spacer\">\n\t\t\t<div class=\"elementor-spacer-inner\"><\/div>\n\t\t<\/div>\n\t\t\t\t<\/div>\n\t\t\t\t<\/div>\n\t\t\t\t\t<\/div>\n\t\t<\/div>\n\t\t\t\t\t\t\t<\/div>\n\t\t<\/section>\n\t\t\t\t\t\t\t<\/div>\n\t\t","protected":false},"excerpt":{"rendered":"<p>Viktor Khrapunov ist Doktor der Wirtschaftswissenschaften, Politologe, Elektroingenieur und Ehrenb\u00fcrger der Stadt Almaty sowie der Provinz Ostkasachstan Durch sein Engagement trug er aktiv zum Wiederaufbau seines Landes bei.<span class=\"excerpt-hellip\"> [\u2026]<\/span><\/p>\n","protected":false},"author":1,"featured_media":0,"parent":0,"menu_order":0,"comment_status":"closed","ping_status":"closed","template":"","meta":[],"_links":{"self":[{"href":"https:\/\/www.viktorkhrapunov.com\/de\/wp-json\/wp\/v2\/pages\/3364"}],"collection":[{"href":"https:\/\/www.viktorkhrapunov.com\/de\/wp-json\/wp\/v2\/pages"}],"about":[{"href":"https:\/\/www.viktorkhrapunov.com\/de\/wp-json\/wp\/v2\/types\/page"}],"author":[{"embeddable":true,"href":"https:\/\/www.viktorkhrapunov.com\/de\/wp-json\/wp\/v2\/users\/1"}],"replies":[{"embeddable":true,"href":"https:\/\/www.viktorkhrapunov.com\/de\/wp-json\/wp\/v2\/comments?post=3364"}],"version-history":[{"count":6,"href":"https:\/\/www.viktorkhrapunov.com\/de\/wp-json\/wp\/v2\/pages\/3364\/revisions"}],"predecessor-version":[{"id":3458,"href":"https:\/\/www.viktorkhrapunov.com\/de\/wp-json\/wp\/v2\/pages\/3364\/revisions\/3458"}],"wp:attachment":[{"href":"https:\/\/www.viktorkhrapunov.com\/de\/wp-json\/wp\/v2\/media?parent=3364"}],"curies":[{"name":"wp","href":"https:\/\/api.w.org\/{rel}","templated":true}]}}